{"id":23,"date":"2026-04-26T15:56:20","date_gmt":"2026-04-26T15:56:20","guid":{"rendered":"https:\/\/dcrrhh.uc.edu.ve\/?page_id=23"},"modified":"2026-04-26T15:56:20","modified_gmt":"2026-04-26T15:56:20","slug":"marco-legal","status":"publish","type":"page","link":"https:\/\/dcrrhh.uc.edu.ve\/index.php\/marco-legal\/","title":{"rendered":"Marco Legal"},"content":{"rendered":"\n<div class=\"wp-block-group alignfull is-layout-flow wp-block-group-is-layout-flow\" style=\"padding-top:var(--wp--preset--spacing--small);padding-right:var(--wp--preset--spacing--x-large);padding-bottom:var(--wp--preset--spacing--small);padding-left:var(--wp--preset--spacing--x-large)\">\n<ul style=\"line-height:1.8\" class=\"wp-block-list has-x-small-font-size\">\n<li>Constituci\u00f3n de la Rep\u00fablica Bolivariana de Venezuela.<\/li>\n\n\n\n<li>Ley Org\u00e1nica de la Contralor\u00eda General de la Rep\u00fablica y el Sistema Nacional de Control Fiscal.<\/li>\n\n\n\n<li>Ley Org\u00e1nica de la Administraci\u00f3n P\u00fablica.<\/li>\n\n\n\n<li>Ley Org\u00e1nica de Administraci\u00f3n Financiera del Sector P\u00fablico.<\/li>\n\n\n\n<li>Ley Org\u00e1nica de Trabajo, los Trabajadores y Trabajadoras.<\/li>\n\n\n\n<li>Ley Org\u00e1nica de Prevenci\u00f3n, Condiciones y Medio Ambiente de Trabajo.<\/li>\n\n\n\n<li>Ley Org\u00e1nica de Procedimientos Administrativos.<\/li>\n\n\n\n<li>Ley Org\u00e1nica del Ambiente.<\/li>\n\n\n\n<li>Ley Org\u00e1nica del Sistema de Seguridad Social.<\/li>\n\n\n\n<li>Ley Org\u00e1nica de Ciencia y Tecnolog\u00eda e Innovaci\u00f3n.<\/li>\n\n\n\n<li>Ley Org\u00e1nica de Educaci\u00f3n.<\/li>\n\n\n\n<li>Decreto con Rango, Valor y Fuerza de Ley Org\u00e1nica de la Administraci\u00f3n P\u00fablica.<\/li>\n\n\n\n<li>Decreto con Rango, Valor y Fuerza de Ley Org\u00e1nica de la Administraci\u00f3n Financiera del Sector P\u00fablico.<\/li>\n\n\n\n<li>Decreto con Rango, Valor y Fuerza de Ley Org\u00e1nica del Trabajo, los Trabajadores y las Trabajadoras.<\/li>\n\n\n\n<li>Reglamento de la Ley Org\u00e1nica del Trabajo.<\/li>\n<\/ul>\n<\/div>\n\n\n\n<div class=\"wp-block-group alignfull has-primary-accent-background-color has-background is-layout-flow wp-block-group-is-layout-flow\" style=\"padding-top:var(--wp--preset--spacing--small);padding-right:var(--wp--preset--spacing--x-large);padding-bottom:var(--wp--preset--spacing--small);padding-left:var(--wp--preset--spacing--x-large)\">\n<ul style=\"line-height:1.8\" class=\"wp-block-list has-x-small-font-size\">\n<li>Decreto con Rango, Valor y Fuerza de Ley Org\u00e1nica del Trabajo, los Trabajadores y las Trabajadoras.<\/li>\n\n\n\n<li>Reglamento de la Ley Org\u00e1nica del Trabajo.<\/li>\n\n\n\n<li>Decreto con Rango Valor y Fuerza de Ley de Reforma de la Ley Org\u00e1nica de Planificaci\u00f3n P\u00fablica y Popular.<\/li>\n\n\n\n<li>Reforma Parcial del Decreto con Rango, Valor y Fuerza de Ley Org\u00e1nica de Ciencia, Tecnolog\u00eda e Innovaci\u00f3n.<\/li>\n\n\n\n<li>Decreto con Rango, Valor y Fuerza de Ley de Simplificaci\u00f3n de Tr\u00e1mites Administrativos.<\/li>\n\n\n\n<li>Decreto con Rango, Valor y Fuerza de Ley de Mensaje de Datos y Firmas Electr\u00f3nicas.<\/li>\n\n\n\n<li>Decreto con Rango, Valor y Fuerza de Ley de Contrataciones P\u00fablicas.<\/li>\n\n\n\n<li>Decreto con Rango, Valor y Fuerza de Ley Sobre el R\u00e9gimen de Jubilaciones y Pensiones de los Trabajadores y las Trabajadoras de la Administraci\u00f3n P\u00fablica Nacional, Estadal y Municipal.<\/li>\n\n\n\n<li>Decreto con Rango, Valor y Fuerza de Ley del Instituto Nacional de Capacitaci\u00f3n y Educaci\u00f3n Socialista. (INCES).<\/li>\n\n\n\n<li>Decreto con Rango, Valor y Fuerza Reforma de la Ley de Alimentaci\u00f3n para los Trabajadores y Trabajadoras.<\/li>\n<\/ul>\n<\/div>\n\n\n\n<div class=\"wp-block-group alignfull is-layout-flow wp-block-group-is-layout-flow\" style=\"padding-top:var(--wp--preset--spacing--small);padding-right:var(--wp--preset--spacing--x-large);padding-bottom:var(--wp--preset--spacing--small);padding-left:var(--wp--preset--spacing--x-large)\">\n<ul style=\"line-height:1.8\" class=\"wp-block-list has-x-small-font-size\">\n<li>Constituci\u00f3n de la Rep\u00fablica Bolivariana de Venezuela.<\/li>\n\n\n\n<li>Ley Org\u00e1nica de la Contralor\u00eda General de la Rep\u00fablica y el Sistema Nacional de Control Fiscal.<\/li>\n\n\n\n<li>Ley Org\u00e1nica de la Administraci\u00f3n P\u00fablica.<\/li>\n\n\n\n<li>Ley Org\u00e1nica de Administraci\u00f3n Financiera del Sector P\u00fablico.<\/li>\n\n\n\n<li>Ley Org\u00e1nica de Trabajo, los Trabajadores y Trabajadoras.<\/li>\n\n\n\n<li>Ley Org\u00e1nica de Prevenci\u00f3n, Condiciones y Medio Ambiente de Trabajo.<\/li>\n\n\n\n<li>Ley Org\u00e1nica de Procedimientos Administrativos.<\/li>\n\n\n\n<li>Ley Org\u00e1nica del Ambiente.<\/li>\n\n\n\n<li>Ley Org\u00e1nica del Sistema de Seguridad Social.<\/li>\n\n\n\n<li>Ley Org\u00e1nica de Ciencia y Tecnolog\u00eda e Innovaci\u00f3n.<\/li>\n\n\n\n<li>Ley Org\u00e1nica de Educaci\u00f3n.<\/li>\n\n\n\n<li>Decreto con Rango, Valor y Fuerza de Ley Org\u00e1nica de la Administraci\u00f3n P\u00fablica.<\/li>\n\n\n\n<li>Decreto con Rango, Valor y Fuerza de Ley Org\u00e1nica de la Administraci\u00f3n Financiera del Sector P\u00fablico.<\/li>\n\n\n\n<li>Decreto con Rango, Valor y Fuerza de Ley Org\u00e1nica del Trabajo, los Trabajadores y las Trabajadoras.<\/li>\n\n\n\n<li>Reglamento de la Ley Org\u00e1nica del Trabajo.<\/li>\n<\/ul>\n<\/div>\n\n\n\n<div class=\"wp-block-group alignfull has-primary-accent-background-color has-background is-layout-flow wp-block-group-is-layout-flow\" style=\"padding-top:var(--wp--preset--spacing--small);padding-right:var(--wp--preset--spacing--x-large);padding-bottom:var(--wp--preset--spacing--small);padding-left:var(--wp--preset--spacing--x-large)\">\n<ul style=\"line-height:1.8\" class=\"wp-block-list has-x-small-font-size\">\n<li>Decreto con Rango, Valor y Fuerza de Ley Org\u00e1nica del Trabajo, los Trabajadores y las Trabajadoras.<\/li>\n\n\n\n<li>Reglamento de la Ley Org\u00e1nica del Trabajo.<\/li>\n\n\n\n<li>Decreto con Rango Valor y Fuerza de Ley de Reforma de la Ley Org\u00e1nica de Planificaci\u00f3n P\u00fablica y Popular.<\/li>\n\n\n\n<li>Reforma Parcial del Decreto con Rango, Valor y Fuerza de Ley Org\u00e1nica de Ciencia, Tecnolog\u00eda e Innovaci\u00f3n.<\/li>\n\n\n\n<li>Decreto con Rango, Valor y Fuerza de Ley de Simplificaci\u00f3n de Tr\u00e1mites Administrativos.<\/li>\n\n\n\n<li>Decreto con Rango, Valor y Fuerza de Ley de Mensaje de Datos y Firmas Electr\u00f3nicas.<\/li>\n\n\n\n<li>Decreto con Rango, Valor y Fuerza de Ley de Contrataciones P\u00fablicas.<\/li>\n\n\n\n<li>Decreto con Rango, Valor y Fuerza de Ley Sobre el R\u00e9gimen de Jubilaciones y Pensiones de los Trabajadores y las Trabajadoras de la Administraci\u00f3n P\u00fablica Nacional, Estadal y Municipal.<\/li>\n\n\n\n<li>Decreto con Rango, Valor y Fuerza de Ley del Instituto Nacional de Capacitaci\u00f3n y Educaci\u00f3n Socialista. (INCES).<\/li>\n\n\n\n<li>Decreto con Rango, Valor y Fuerza Reforma de la Ley de Alimentaci\u00f3n para los Trabajadores y Trabajadoras.<\/li>\n<\/ul>\n<\/div>\n","protected":false},"excerpt":{"rendered":"","protected":false},"author":1,"featured_media":0,"parent":0,"menu_order":0,"comment_status":"closed","ping_status":"closed","template":"","meta":{"footnotes":""},"class_list":["post-23","page","type-page","status-publish","hentry"],"_links":{"self":[{"href":"https:\/\/dcrrhh.uc.edu.ve\/index.php\/wp-json\/wp\/v2\/pages\/23","targetHints":{"allow":["GET"]}}],"collection":[{"href":"https:\/\/dcrrhh.uc.edu.ve\/index.php\/wp-json\/wp\/v2\/pages"}],"about":[{"href":"https:\/\/dcrrhh.uc.edu.ve\/index.php\/wp-json\/wp\/v2\/types\/page"}],"author":[{"embeddable":true,"href":"https:\/\/dcrrhh.uc.edu.ve\/index.php\/wp-json\/wp\/v2\/users\/1"}],"replies":[{"embeddable":true,"href":"https:\/\/dcrrhh.uc.edu.ve\/index.php\/wp-json\/wp\/v2\/comments?post=23"}],"version-history":[{"count":1,"href":"https:\/\/dcrrhh.uc.edu.ve\/index.php\/wp-json\/wp\/v2\/pages\/23\/revisions"}],"predecessor-version":[{"id":24,"href":"https:\/\/dcrrhh.uc.edu.ve\/index.php\/wp-json\/wp\/v2\/pages\/23\/revisions\/24"}],"wp:attachment":[{"href":"https:\/\/dcrrhh.uc.edu.ve\/index.php\/wp-json\/wp\/v2\/media?parent=23"}],"curies":[{"name":"wp","href":"https:\/\/api.w.org\/{rel}","templated":true}]}}