{"id":30,"date":"2026-04-28T13:22:15","date_gmt":"2026-04-28T13:22:15","guid":{"rendered":"https:\/\/dcrrhh.uc.edu.ve\/?page_id=30"},"modified":"2026-04-28T13:22:15","modified_gmt":"2026-04-28T13:22:15","slug":"inicio","status":"publish","type":"page","link":"https:\/\/dcrrhh.uc.edu.ve\/index.php\/inicio\/","title":{"rendered":"Inicio"},"content":{"rendered":"\n<div class=\"wp-block-cover alignfull is-light is-style-default\" style=\"margin-top:0;margin-bottom:0;padding-top:var(--wp--preset--spacing--small)\"><img decoding=\"async\" class=\"wp-block-cover__image-background wp-image-25 size-full\" alt=\"\" src=\"https:\/\/dcrrhh.uc.edu.ve\/wp-content\/themes\/ollie-child\/assets\/images\/hero-banner.webp\" data-object-fit=\"cover\"\/><span aria-hidden=\"true\" class=\"wp-block-cover__background has-background-dim-0 has-background-dim\"><\/span><div class=\"wp-block-cover__inner-container has-global-padding is-layout-constrained wp-container-core-cover-is-layout-c3dfc963 wp-block-cover-is-layout-constrained\">\n<p class=\"has-text-align-center\"><\/p>\n<\/div><\/div>\n\n\n\n<div class=\"wp-block-group alignfull has-background is-layout-flow wp-block-group-is-layout-flow\" style=\"background-color:#f6f9fe\">\n<div class=\"wp-block-columns are-vertically-aligned-center is-layout-flex wp-container-core-columns-is-layout-cbbf8ae3 wp-block-columns-is-layout-flex\" style=\"padding-top:var(--wp--preset--spacing--large);padding-bottom:var(--wp--preset--spacing--large)\">\n<div class=\"wp-block-column is-vertically-aligned-center is-layout-flow wp-block-column-is-layout-flow\" style=\"padding-top:var(--wp--preset--spacing--medium);padding-right:var(--wp--preset--spacing--medium);padding-bottom:var(--wp--preset--spacing--medium);padding-left:var(--wp--preset--spacing--medium)\">\n<figure class=\"wp-block-image size-large\"><img decoding=\"async\" src=\"https:\/\/dcrrhh.uc.edu.ve\/wp-content\/themes\/ollie-child\/assets\/images\/about1.webp\" alt=\"\" class=\"wp-image-246\"\/><\/figure>\n<\/div>\n\n\n\n<div class=\"wp-block-column is-vertically-aligned-center is-layout-flow wp-container-core-column-is-layout-b2a27621 wp-block-column-is-layout-flow\" style=\"padding-top:0;padding-right:0;padding-bottom:0;padding-left:0\">\n<h2 class=\"wp-block-heading has-primary-alt-color has-base-background-color has-text-color has-background has-narrow-font-family\" style=\"margin-right:0;margin-left:-160px;font-size:clamp(21.536px, 1.346rem + ((1vw - 3.2px) * 1.432), 35px);font-style:normal;font-weight:700;line-height:1.15;text-decoration:underline\">La Direcci\u00f3n Central de Recursos Humanos<\/h2>\n\n\n\n<p class=\"has-secondary-color has-base-background-color has-text-color has-background has-link-color has-x-small-font-size wp-elements-d5ed86190a14a618945cb256cad72350\" style=\"margin-left:-160px;padding-top:0px;padding-right:60px;padding-bottom:var(--wp--preset--spacing--large);padding-left:70px;line-height:1.8\">Es la unidad administrativa con adscripci\u00f3n a la Rector\u00eda Autoridad de la Universidad de Carabobo (UC). Es de naturaleza Directiva-Ejecutiva, la cual asume la responsabilidad de dise\u00f1ar la pol\u00edtica de direcci\u00f3n y desarrollo en materia de recursos humanos, apoy\u00e1ndose en estrategias, sistemas y t\u00e9cnicas que permitan consolidar la eficiencia y la eficacia de la organizaci\u00f3n.<\/p>\n<\/div>\n<\/div>\n<\/div>\n\n\n\n<div class=\"wp-block-group alignfull resp-mvo is-layout-flow wp-block-group-is-layout-flow\">\n<div class=\"wp-block-columns my-columns-container is-layout-flex wp-container-core-columns-is-layout-5b3116c9 wp-block-columns-is-layout-flex\" style=\"padding-top:var(--wp--preset--spacing--large);padding-right:var(--wp--preset--spacing--large);padding-bottom:var(--wp--preset--spacing--large);padding-left:var(--wp--preset--spacing--large)\">\n<div class=\"wp-block-column my-columns-container has-border-color has-base-background-color has-background is-layout-flow wp-block-column-is-layout-flow\" style=\"border-color:#f8f7fc;border-width:1px;border-top-left-radius:0px;border-top-right-radius:0px;border-bottom-left-radius:0px;border-bottom-right-radius:0px;padding-top:var(--wp--preset--spacing--medium);padding-right:var(--wp--preset--spacing--medium);padding-bottom:var(--wp--preset--spacing--medium);padding-left:var(--wp--preset--spacing--medium);box-shadow:var(--wp--preset--shadow--medium-dark)\">\n<div class=\"wp-block-group has-border-color has-primary-border-color has-global-padding is-layout-constrained wp-container-core-group-is-layout-8217c53c wp-block-group-is-layout-constrained\" style=\"border-width:3px;border-top-left-radius:0px;border-top-right-radius:0px;border-bottom-left-radius:0px;border-bottom-right-radius:0px;padding-top:var(--wp--preset--spacing--medium);padding-right:var(--wp--preset--spacing--medium);padding-bottom:var(--wp--preset--spacing--medium);padding-left:var(--wp--preset--spacing--medium)\">\n<h3 class=\"wp-block-heading has-text-align-center has-primary-alt-color has-text-color has-link-color has-narrow-font-family wp-elements-a21aa047dd908d37e07ee2af49b37264\" style=\"font-style:normal;font-weight:700;text-transform:uppercase\"><strong>Visi\u00f3n<\/strong><\/h3>\n\n\n\n<p class=\"has-text-align-center has-primary-font-family has-secondary-color has-text-color has-link-color has-x-small-font-size wp-elements-3dfdc2d85cff9fbcb3dbff8c14a50fbd\" style=\"line-height:1.8\">Ser la unidad organizacional de referencia nacional y regional, en lo relativo a la gesti\u00f3n del talento humano, en Instituciones de Educaci\u00f3n Superior Universitaria<\/p>\n<\/div>\n<\/div>\n\n\n\n<div class=\"wp-block-column has-border-color has-base-background-color has-background is-layout-flow wp-block-column-is-layout-flow\" style=\"border-color:#f8f7fc;border-width:1px;border-top-left-radius:0px;border-top-right-radius:0px;border-bottom-left-radius:0px;border-bottom-right-radius:0px;padding-top:var(--wp--preset--spacing--medium);padding-right:var(--wp--preset--spacing--medium);padding-bottom:var(--wp--preset--spacing--medium);padding-left:var(--wp--preset--spacing--medium);box-shadow:var(--wp--preset--shadow--medium-dark)\">\n<div class=\"wp-block-group has-border-color has-primary-border-color has-global-padding is-layout-constrained wp-container-core-group-is-layout-8217c53c wp-block-group-is-layout-constrained\" style=\"border-width:3px;border-top-left-radius:0px;border-top-right-radius:0px;border-bottom-left-radius:0px;border-bottom-right-radius:0px;padding-top:var(--wp--preset--spacing--medium);padding-right:var(--wp--preset--spacing--medium);padding-bottom:var(--wp--preset--spacing--medium);padding-left:var(--wp--preset--spacing--medium)\">\n<h3 class=\"wp-block-heading has-text-align-center has-primary-alt-color has-text-color has-link-color has-narrow-font-family has-medium-font-size wp-elements-500444751194be7d7c8f8f9b48394ae2\" style=\"font-style:normal;font-weight:800;text-transform:uppercase\"><strong>Misi\u00f3n<\/strong><\/h3>\n\n\n\n<p class=\"has-text-align-center has-primary-font-family has-secondary-color has-text-color has-link-color has-x-small-font-size wp-elements-5d841cb088b419438a4f84ec46b56363\" style=\"line-height:1.8\">Desarrollar las actividades relacionadas con la gesti\u00f3n del talento humano, a trav\u00e9s de la ejecuci\u00f3n de un conjunto de decisiones integradas, prestando servicios con criterios de efectividad, excelencia y principios de valoraci\u00f3n humana, como plataforma en la instituci\u00f3n, y de esta forma garantizar que la labor de los mismos, se ajusten a los requerimientos organizacionales<\/p>\n<\/div>\n<\/div>\n\n\n\n<div class=\"wp-block-column my-columns-container has-border-color has-base-background-color has-background is-layout-flow wp-block-column-is-layout-flow\" style=\"border-color:#f8f7fc;border-width:1px;border-top-left-radius:0px;border-top-right-radius:0px;border-bottom-left-radius:0px;border-bottom-right-radius:0px;padding-top:var(--wp--preset--spacing--medium);padding-right:var(--wp--preset--spacing--medium);padding-bottom:var(--wp--preset--spacing--medium);padding-left:var(--wp--preset--spacing--medium);box-shadow:var(--wp--preset--shadow--medium-dark)\">\n<div class=\"wp-block-group has-border-color has-primary-border-color has-global-padding is-layout-constrained wp-container-core-group-is-layout-8217c53c wp-block-group-is-layout-constrained\" style=\"border-width:3px;border-top-left-radius:0px;border-top-right-radius:0px;border-bottom-left-radius:0px;border-bottom-right-radius:0px;padding-top:var(--wp--preset--spacing--medium);padding-right:var(--wp--preset--spacing--medium);padding-bottom:var(--wp--preset--spacing--medium);padding-left:var(--wp--preset--spacing--medium)\">\n<h3 class=\"wp-block-heading has-text-align-center has-primary-alt-color has-text-color has-link-color has-narrow-font-family wp-elements-b5797983d4edb20419a40103b96edb81\" style=\"text-transform:uppercase\"><strong>objetivos<\/strong><\/h3>\n\n\n\n<p class=\"has-text-align-center has-primary-font-family has-secondary-color has-text-color has-link-color has-x-small-font-size wp-elements-1ceb7820436bc147b00c6d471095f0e6\" style=\"line-height:1.8\">Desarrollar el Sistema de Administraci\u00f3n de Recursos Humanos, a trav\u00e9s de la planeaci\u00f3n, coordinaci\u00f3n, desarrollo, control y evaluaci\u00f3n, de conformidad con lo establecido en las leyes vigentes y las pol\u00edticas institucionales, para garantizar en la Universidad la eficiencia y efectividad del desarrollo t\u00e9cnico- administrativo que se lleva a cabo con el talento humano<\/p>\n<\/div>\n<\/div>\n<\/div>\n<\/div>\n","protected":false},"excerpt":{"rendered":"<p>La Direcci\u00f3n Central de Recursos Humanos Es la unidad administrativa con adscripci\u00f3n a la Rector\u00eda Autoridad de la Universidad de Carabobo (UC). Es de naturaleza Directiva-Ejecutiva, la cual asume la responsabilidad de dise\u00f1ar la pol\u00edtica de direcci\u00f3n y desarrollo en materia de recursos humanos, apoy\u00e1ndose en estrategias, sistemas y t\u00e9cnicas que permitan consolidar la eficiencia [&hellip;]<\/p>\n","protected":false},"author":1,"featured_media":0,"parent":0,"menu_order":0,"comment_status":"closed","ping_status":"closed","template":"page-no-title","meta":{"footnotes":""},"class_list":["post-30","page","type-page","status-publish","hentry"],"_links":{"self":[{"href":"https:\/\/dcrrhh.uc.edu.ve\/index.php\/wp-json\/wp\/v2\/pages\/30","targetHints":{"allow":["GET"]}}],"collection":[{"href":"https:\/\/dcrrhh.uc.edu.ve\/index.php\/wp-json\/wp\/v2\/pages"}],"about":[{"href":"https:\/\/dcrrhh.uc.edu.ve\/index.php\/wp-json\/wp\/v2\/types\/page"}],"author":[{"embeddable":true,"href":"https:\/\/dcrrhh.uc.edu.ve\/index.php\/wp-json\/wp\/v2\/users\/1"}],"replies":[{"embeddable":true,"href":"https:\/\/dcrrhh.uc.edu.ve\/index.php\/wp-json\/wp\/v2\/comments?post=30"}],"version-history":[{"count":1,"href":"https:\/\/dcrrhh.uc.edu.ve\/index.php\/wp-json\/wp\/v2\/pages\/30\/revisions"}],"predecessor-version":[{"id":31,"href":"https:\/\/dcrrhh.uc.edu.ve\/index.php\/wp-json\/wp\/v2\/pages\/30\/revisions\/31"}],"wp:attachment":[{"href":"https:\/\/dcrrhh.uc.edu.ve\/index.php\/wp-json\/wp\/v2\/media?parent=30"}],"curies":[{"name":"wp","href":"https:\/\/api.w.org\/{rel}","templated":true}]}}